{"id":294,"date":"2020-05-28T18:22:24","date_gmt":"2020-05-28T18:22:24","guid":{"rendered":"http:\/\/www.edytapaul.pl\/?page_id=294"},"modified":"2026-05-13T09:16:47","modified_gmt":"2026-05-13T09:16:47","slug":"gdzie-jestes","status":"publish","type":"page","link":"https:\/\/www.edytapaul.pl\/","title":{"rendered":"POZNAJMY SI\u0118"},"content":{"rendered":"\n<div class=\"wp-block-group\"><div class=\"wp-block-group__inner-container is-layout-constrained wp-block-group-is-layout-constrained\">\n<div class=\"wp-block-columns is-layout-flex wp-container-core-columns-is-layout-9d6595d7 wp-block-columns-is-layout-flex\">\n<div class=\"wp-block-column is-layout-flow wp-block-column-is-layout-flow\">\n<p>Dzie\u0144 dobry:)<\/p>\n\n\n\n<p>Nazywam si\u0119 Edyta Paul. Mo\u017cemy porozmawia\u0107 o ucz\u0105cych si\u0119 organizacjach, modelach biznesowych i wielu innych ciekawych sprawach \ud83d\ude42<\/p>\n\n\n\n<p>Ciesz\u0119 si\u0119, \u017ce tu wpad\u0142*\u015b. Co mo\u017cesz tu znale\u017a\u0107? <strong>Na blogu<\/strong> ciekawe (mam nadziej\u0119) przypadki, przygody, narz\u0119dzia i inspiracje. <\/p>\n\n\n\n<p><strong>Kto znajdzie tu co\u015b warto\u015bciowego?<\/strong> W\u0142a\u015bciciele firm, szefowie zespo\u0142\u00f3w, projektanci produkt\u00f3w i us\u0142ug, moderatorzy i trenerzy i ka\u017cdy, kogo interesuje ka\u017cdy rodzaj my\u015blenia:)<\/p>\n\n\n\n<p><strong>kontakt <\/strong><\/p>\n\n\n\n<p>halo@edytapaul.pl <\/p>\n\n\n\n<p>Gdzie jeszcze mnie znajdziesz? <\/p>\n\n\n\n<p><a href=\"http:\/\/www.futurysci.pl\">www.futurysci.pl<\/a><\/p>\n\n\n\n<p><a href=\"http:\/\/www.robieonlajny.pl\">www.robieonlajny.pl<\/a><\/p>\n\n\n\n<p><a href=\"http:\/\/www.pilotkizmian.pl\">www.pilotkizmian.pl <\/a><\/p>\n\n\n\n<p><a href=\"http:\/\/www.jednosci22.pl\">www.jednosci22.pl<\/a><\/p>\n\n\n\n<p><\/p>\n<\/div>\n\n\n\n<div class=\"wp-block-column is-layout-flow wp-block-column-is-layout-flow\">\n<figure class=\"wp-block-image size-large\"><img loading=\"lazy\" decoding=\"async\" width=\"832\" height=\"1024\" src=\"https:\/\/www.edytapaul.pl\/wp-content\/uploads\/2025\/01\/epaul-832x1024.png\" alt=\"\" class=\"wp-image-689\" srcset=\"https:\/\/www.edytapaul.pl\/wp-content\/uploads\/2025\/01\/epaul-832x1024.png 832w, https:\/\/www.edytapaul.pl\/wp-content\/uploads\/2025\/01\/epaul-244x300.png 244w, https:\/\/www.edytapaul.pl\/wp-content\/uploads\/2025\/01\/epaul-768x945.png 768w, https:\/\/www.edytapaul.pl\/wp-content\/uploads\/2025\/01\/epaul-480x590.png 480w, https:\/\/www.edytapaul.pl\/wp-content\/uploads\/2025\/01\/epaul.png 865w\" sizes=\"auto, (max-width: 832px) 100vw, 832px\" \/><\/figure>\n<\/div>\n<\/div>\n\n\n\n<p><\/p>\n<\/div><\/div>\n","protected":false},"excerpt":{"rendered":"<p>Dzie\u0144 dobry:) Nazywam si\u0119 Edyta Paul. Mo\u017cemy porozmawia\u0107 o ucz\u0105cych si\u0119 organizacjach, modelach biznesowych i wielu innych ciekawych sprawach \ud83d\ude42 [&hellip;]<\/p>\n","protected":false},"author":1,"featured_media":0,"parent":0,"menu_order":0,"comment_status":"closed","ping_status":"closed","template":"","meta":{"footnotes":""},"class_list":["post-294","page","type-page","status-publish","hentry"],"_links":{"self":[{"href":"https:\/\/www.edytapaul.pl\/index.php\/wp-json\/wp\/v2\/pages\/294","targetHints":{"allow":["GET"]}}],"collection":[{"href":"https:\/\/www.edytapaul.pl\/index.php\/wp-json\/wp\/v2\/pages"}],"about":[{"href":"https:\/\/www.edytapaul.pl\/index.php\/wp-json\/wp\/v2\/types\/page"}],"author":[{"embeddable":true,"href":"https:\/\/www.edytapaul.pl\/index.php\/wp-json\/wp\/v2\/users\/1"}],"replies":[{"embeddable":true,"href":"https:\/\/www.edytapaul.pl\/index.php\/wp-json\/wp\/v2\/comments?post=294"}],"version-history":[{"count":18,"href":"https:\/\/www.edytapaul.pl\/index.php\/wp-json\/wp\/v2\/pages\/294\/revisions"}],"predecessor-version":[{"id":706,"href":"https:\/\/www.edytapaul.pl\/index.php\/wp-json\/wp\/v2\/pages\/294\/revisions\/706"}],"wp:attachment":[{"href":"https:\/\/www.edytapaul.pl\/index.php\/wp-json\/wp\/v2\/media?parent=294"}],"curies":[{"name":"wp","href":"https:\/\/api.w.org\/{rel}","templated":true}]}}